{"id":733,"date":"2021-11-06T19:47:38","date_gmt":"2021-11-06T18:47:38","guid":{"rendered":"http:\/\/asfastri.fr\/?page_id=733"},"modified":"2026-01-24T12:13:14","modified_gmt":"2026-01-24T11:13:14","slug":"triathlon-de-lile-charlemagne-orleans-metropole-15-mai-2022","status":"publish","type":"page","link":"https:\/\/asfastri.fr\/index.php\/nos-organisations-2\/triathlon-de-lile-charlemagne-orleans-metropole-15-mai-2022\/","title":{"rendered":"Triathlon du Parc de Loire (anciennement \u00eele Charlemagne) &#8211; 23 et 24 mai 2026"},"content":{"rendered":"\n<p class=\"has-text-align-center\">Depuis l\u2019an 2000, le club organise un triathlon dans le d\u00e9partement du Loiret. Les premi\u00e8res \u00e9ditions se sont d\u00e9roul\u00e9es sur le site de la base de loisirs de l\u2019\u00eele Charlemagne d\u2019Orl\u00e9ans puis sur la base de loisirs de l\u2019\u00e9tang des bois de Vieilles Maisons sur joudry.                                                                        <strong>IL EST DE RETOUR DEPUIS 2022 A ORL\u00c9ANS AU SEIN DU PARC DE LOIRE SUR LE SITE DE L&rsquo;ILE CHARLEMAGNE. <\/strong><\/p>\n\n\n\n<p class=\"has-text-align-center\">Les inscriptions sont ouvertes ! <\/p>\n\n\n\n<p class=\"has-text-align-center\"><a href=\"https:\/\/protiming.fr\/Runnings\/detail\/8079-Triathlon-du-Parc-de-Loire\"><mark style=\"background-color:#f78da7\" class=\"has-inline-color\">https:\/\/protiming.fr\/Runnings\/detail\/8079-Triathlon-du-Parc-de-Loire<\/mark><\/a><\/p>\n\n\n<div class=\"wp-block-image\">\n<figure class=\"aligncenter size-large\"><img loading=\"lazy\" decoding=\"async\" width=\"724\" height=\"1024\" src=\"https:\/\/asfastri.fr\/wp-content\/uploads\/2026\/01\/Affiche-724x1024.jpeg\" alt=\"\" class=\"wp-image-1842\" srcset=\"https:\/\/asfastri.fr\/wp-content\/uploads\/2026\/01\/Affiche-724x1024.jpeg 724w, https:\/\/asfastri.fr\/wp-content\/uploads\/2026\/01\/Affiche-212x300.jpeg 212w, https:\/\/asfastri.fr\/wp-content\/uploads\/2026\/01\/Affiche-768x1086.jpeg 768w, https:\/\/asfastri.fr\/wp-content\/uploads\/2026\/01\/Affiche-1086x1536.jpeg 1086w, https:\/\/asfastri.fr\/wp-content\/uploads\/2026\/01\/Affiche.jpeg 1131w\" sizes=\"auto, (max-width: 724px) 100vw, 724px\" \/><\/figure>\n<\/div>\n\n\n<p class=\"has-text-align-center\">Pour avoir toutes les informations : <a href=\"https:\/\/oasfastriathlon.fr\/\">https:\/\/oasfastriathlon.fr\/<\/a><br><\/p>\n","protected":false},"excerpt":{"rendered":"<p>Depuis l\u2019an 2000, le club organise un triathlon dans le d\u00e9partement du Loiret. Les premi\u00e8res \u00e9ditions se sont d\u00e9roul\u00e9es sur le site de la base de loisirs de l\u2019\u00eele Charlemagne d\u2019Orl\u00e9ans puis sur la base de loisirs de l\u2019\u00e9tang des bois de Vieilles Maisons sur joudry. IL EST DE RETOUR DEPUIS 2022 A ORL\u00c9ANS AU &hellip; <\/p>\n","protected":false},"author":1,"featured_media":1730,"parent":108,"menu_order":0,"comment_status":"closed","ping_status":"closed","template":"","meta":{"footnotes":""},"class_list":["post-733","page","type-page","status-publish","has-post-thumbnail","hentry"],"_links":{"self":[{"href":"https:\/\/asfastri.fr\/index.php\/wp-json\/wp\/v2\/pages\/733","targetHints":{"allow":["GET"]}}],"collection":[{"href":"https:\/\/asfastri.fr\/index.php\/wp-json\/wp\/v2\/pages"}],"about":[{"href":"https:\/\/asfastri.fr\/index.php\/wp-json\/wp\/v2\/types\/page"}],"author":[{"embeddable":true,"href":"https:\/\/asfastri.fr\/index.php\/wp-json\/wp\/v2\/users\/1"}],"replies":[{"embeddable":true,"href":"https:\/\/asfastri.fr\/index.php\/wp-json\/wp\/v2\/comments?post=733"}],"version-history":[{"count":23,"href":"https:\/\/asfastri.fr\/index.php\/wp-json\/wp\/v2\/pages\/733\/revisions"}],"predecessor-version":[{"id":1844,"href":"https:\/\/asfastri.fr\/index.php\/wp-json\/wp\/v2\/pages\/733\/revisions\/1844"}],"up":[{"embeddable":true,"href":"https:\/\/asfastri.fr\/index.php\/wp-json\/wp\/v2\/pages\/108"}],"wp:featuredmedia":[{"embeddable":true,"href":"https:\/\/asfastri.fr\/index.php\/wp-json\/wp\/v2\/media\/1730"}],"wp:attachment":[{"href":"https:\/\/asfastri.fr\/index.php\/wp-json\/wp\/v2\/media?parent=733"}],"curies":[{"name":"wp","href":"https:\/\/api.w.org\/{rel}","templated":true}]}}