{"id":494,"date":"2021-09-21T19:23:12","date_gmt":"2021-09-21T17:23:12","guid":{"rendered":"http:\/\/asfastri.fr\/?page_id=494"},"modified":"2024-11-18T13:42:52","modified_gmt":"2024-11-18T12:42:52","slug":"historique-du-club","status":"publish","type":"page","link":"https:\/\/asfastri.fr\/index.php\/le-club\/historique-du-club\/","title":{"rendered":"Historique du club"},"content":{"rendered":"\n<p class=\"has-text-align-center\"> Il \u00e9tait une fois&#8230; un jour, un sportif passionn\u00e9  et amoureux du triathlon,  s&rsquo;entraine r\u00e9guli\u00e8rement  avec une bande de copains.  Le triathlon est en plein expansion. Il d\u00e9cide alors de cr\u00e9er le club de l&rsquo;ASFAS TRIATHLON qui nait en 1986 avec une dizaine de licenci\u00e9s.<\/p>\n\n\n\n<p class=\"has-text-align-center\">Fin des ann\u00e9es 95, le club compte environ 40 licenci\u00e9s. En 2024 il compte environ 140 membres dont 35 f\u00e9minines et 30 jeunes !  Orl\u00e9ans Asfas Triathlon est un club \u00e9nergique situ\u00e9 sur  la commune d&rsquo;Orl\u00e9ans ainsi que sur les communes de Fleury les Aubrais et Saran. L&rsquo;enthousiasme et la motivation de tous ces sportifs lui permet de se d\u00e9velopper.<br><br><\/p>\n\n\n\n<figure class=\"wp-block-image size-large\"><img loading=\"lazy\" decoding=\"async\" width=\"1024\" height=\"681\" src=\"http:\/\/asfastri.fr\/wp-content\/uploads\/2024\/09\/TRSAM2024_02566-1-1024x681.jpg\" alt=\"\" class=\"wp-image-1536\" srcset=\"https:\/\/asfastri.fr\/wp-content\/uploads\/2024\/09\/TRSAM2024_02566-1-1024x681.jpg 1024w, https:\/\/asfastri.fr\/wp-content\/uploads\/2024\/09\/TRSAM2024_02566-1-300x200.jpg 300w, https:\/\/asfastri.fr\/wp-content\/uploads\/2024\/09\/TRSAM2024_02566-1-768x511.jpg 768w, https:\/\/asfastri.fr\/wp-content\/uploads\/2024\/09\/TRSAM2024_02566-1-1536x1022.jpg 1536w, https:\/\/asfastri.fr\/wp-content\/uploads\/2024\/09\/TRSAM2024_02566-1-2048x1363.jpg 2048w, https:\/\/asfastri.fr\/wp-content\/uploads\/2024\/09\/TRSAM2024_02566-1-90x60.jpg 90w\" sizes=\"auto, (max-width: 1024px) 100vw, 1024px\" \/><\/figure>\n\n\n\n<p class=\"has-text-align-center has-medium-font-size\"><strong>Nos valeurs<\/strong><\/p>\n\n\n\n<p>Le triathlon est un sport exigeant qui demande une grande force mentale et physique. Elle permet l&rsquo;aptitude d&rsquo;une personne \u00e0 maintenir un \u00e9tat de bien \u00eatre mental en adoptant un comportement appropri\u00e9 lors de relations entretenues avec les autres. <\/p>\n\n\n\n<p>L&rsquo;apprentissage du d\u00e9passement de soi et du plaisir du sport se fait, au sein de notre club, par la cr\u00e9ation de l&rsquo;\u00e9cole de triathlon, les stages organis\u00e9s pour les adultes et les enfants et le m\u00e9lange des niveaux de comp\u00e9tences dans les entrainements.<\/p>\n\n\n\n<p>Nous privil\u00e9gions les moments de convivialit\u00e9 apr\u00e8s les entrainements et aupr\u00e8s des enfants et de leurs familles par des \u00e9v\u00e8nements ludiques et amicaux.  <\/p>\n\n\n\n<p>Afin de promouvoir le triathlon dans la ville d&rsquo;Orl\u00e9ans et ses environs, le club organise des manifestations sportives  ouvertes \u00e0 tous \u00e2ges et tous niveaux telles que le Triathlon et le Bike&amp;Run au sein du parc de Loire sur le site de l&rsquo;ile Charlemagne.<\/p>\n\n\n\n<p><br><\/p>\n","protected":false},"excerpt":{"rendered":"<p>Il \u00e9tait une fois&#8230; un jour, un sportif passionn\u00e9 et amoureux du triathlon, s&rsquo;entraine r\u00e9guli\u00e8rement avec une bande de copains. Le triathlon est en plein expansion. Il d\u00e9cide alors de cr\u00e9er le club de l&rsquo;ASFAS TRIATHLON qui nait en 1986 avec une dizaine de licenci\u00e9s. Fin des ann\u00e9es 95, le club compte environ 40 licenci\u00e9s. &hellip; <\/p>\n","protected":false},"author":1,"featured_media":1682,"parent":84,"menu_order":0,"comment_status":"closed","ping_status":"closed","template":"","meta":{"footnotes":""},"class_list":["post-494","page","type-page","status-publish","has-post-thumbnail","hentry"],"_links":{"self":[{"href":"https:\/\/asfastri.fr\/index.php\/wp-json\/wp\/v2\/pages\/494","targetHints":{"allow":["GET"]}}],"collection":[{"href":"https:\/\/asfastri.fr\/index.php\/wp-json\/wp\/v2\/pages"}],"about":[{"href":"https:\/\/asfastri.fr\/index.php\/wp-json\/wp\/v2\/types\/page"}],"author":[{"embeddable":true,"href":"https:\/\/asfastri.fr\/index.php\/wp-json\/wp\/v2\/users\/1"}],"replies":[{"embeddable":true,"href":"https:\/\/asfastri.fr\/index.php\/wp-json\/wp\/v2\/comments?post=494"}],"version-history":[{"count":16,"href":"https:\/\/asfastri.fr\/index.php\/wp-json\/wp\/v2\/pages\/494\/revisions"}],"predecessor-version":[{"id":1539,"href":"https:\/\/asfastri.fr\/index.php\/wp-json\/wp\/v2\/pages\/494\/revisions\/1539"}],"up":[{"embeddable":true,"href":"https:\/\/asfastri.fr\/index.php\/wp-json\/wp\/v2\/pages\/84"}],"wp:featuredmedia":[{"embeddable":true,"href":"https:\/\/asfastri.fr\/index.php\/wp-json\/wp\/v2\/media\/1682"}],"wp:attachment":[{"href":"https:\/\/asfastri.fr\/index.php\/wp-json\/wp\/v2\/media?parent=494"}],"curies":[{"name":"wp","href":"https:\/\/api.w.org\/{rel}","templated":true}]}}