{"id":444,"date":"2020-10-04T19:21:39","date_gmt":"2020-10-04T17:21:39","guid":{"rendered":"http:\/\/asfastri.fr\/?page_id=444"},"modified":"2023-10-04T15:49:09","modified_gmt":"2023-10-04T13:49:09","slug":"natation","status":"publish","type":"page","link":"https:\/\/asfastri.fr\/index.php\/les-activites\/natation\/","title":{"rendered":"Lieux des entrainements"},"content":{"rendered":"\n<p class=\"has-regular-font-size\">\nLes entrainements d&rsquo;Orl\u00e9ans ASFAS Triathlon se d\u00e9roulent en diff\u00e9rents lieux dans l&rsquo;agglom\u00e9ration Orl\u00e9anaise.\n\n<\/p>\n\n\n\n<h2 class=\"wp-block-heading\" style=\"text-align:center\"> <strong>Natation<\/strong> <\/h2>\n\n\n\n<p><strong>Le centre nautique de la grande planche \u00e0 Saran<\/strong><br>R\u00e9alis\u00e9\n en 1983, la piscine municipale  appel\u00e9e \u00e9galement Centre Nautique \u00ab La \nGrande Planche \u00bb s\u2019\u00e9tend sur 8000  m\u00b2 enti\u00e8rement clos.  1 bassin de 25 x\n 15 m\u00e8tres avec 6 lignes d\u2019eau.<br><strong>Adresse : <\/strong>146 rue Maurice Claret, Saran\n\n<\/p>\n\n\n\n<figure class=\"wp-block-image\"><img loading=\"lazy\" decoding=\"async\" width=\"1024\" height=\"576\" src=\"http:\/\/asfastri.fr\/wp-content\/uploads\/2020\/10\/la-grande-planche_piscine_101-1024x576.jpg\" alt=\"\" class=\"wp-image-433\" srcset=\"https:\/\/asfastri.fr\/wp-content\/uploads\/2020\/10\/la-grande-planche_piscine_101-1024x576.jpg 1024w, https:\/\/asfastri.fr\/wp-content\/uploads\/2020\/10\/la-grande-planche_piscine_101-300x169.jpg 300w, https:\/\/asfastri.fr\/wp-content\/uploads\/2020\/10\/la-grande-planche_piscine_101-768x432.jpg 768w, https:\/\/asfastri.fr\/wp-content\/uploads\/2020\/10\/la-grande-planche_piscine_101.jpg 1200w\" sizes=\"auto, (max-width: 1024px) 100vw, 1024px\" \/><\/figure>\n\n\n\n<p><strong>Piscine couverte Baptiste-Lhommelet \u00e0 Fleury-les-Aubrais <\/strong><br>Situ\u00e9e au complexe sportif des Jacobins, la piscine couverte Baptiste-Lhommelet comprend un bassin couvert de 25m x 15m.<br><strong>Adresse : <\/strong>38 Rue du Onze Novembre, 45400 Fleury-les-Aubrais\n\n<\/p>\n\n\n\n<figure class=\"wp-block-image\"><img loading=\"lazy\" decoding=\"async\" width=\"500\" height=\"281\" src=\"http:\/\/asfastri.fr\/wp-content\/uploads\/2020\/10\/OL_PiscineBaptisteLhommelet_P.jpg\" alt=\"\" class=\"wp-image-435\" srcset=\"https:\/\/asfastri.fr\/wp-content\/uploads\/2020\/10\/OL_PiscineBaptisteLhommelet_P.jpg 500w, https:\/\/asfastri.fr\/wp-content\/uploads\/2020\/10\/OL_PiscineBaptisteLhommelet_P-300x169.jpg 300w\" sizes=\"auto, (max-width: 500px) 100vw, 500px\" \/><\/figure>\n\n\n\n<p><strong>Le complexe nautique d&rsquo;Orl\u00e9ans La Source <\/strong><br>En r\u00e9habilitation pendant deux ans, cet \u00e9quipement moderne a ouvert de nouveau ses portes en septembre 2020<br>&#8211; Un bassin int\u00e9rieur de 25 m\u00e8tres avec 6 lignes d\u2019eau et fond mobile<br>&#8211;\n Un bassin ext\u00e9rieur nordique de 50 m\u00e8tres et 8 couloirs avec aileron \nmobile permettant de diviser le bassin en 2 \u00d7 25m (16 couloirs)<br><strong>Adresse : <\/strong>Rue de Beaumarchais, Orl\u00e9ans la Source\n\n<\/p>\n\n\n\n<figure class=\"wp-block-image\"><img decoding=\"async\" src=\"https:\/\/www.guide-piscine.fr\/medias\/image\/complexe-nautique-de-la-source-piscine-a-orleans_9-32798-720-0.jpg\" alt=\"\"\/><\/figure>\n\n\n\n<h2 class=\"wp-block-heading\" style=\"text-align:center\"> <br><strong>Course \u00e0 pied<\/strong> <\/h2>\n\n\n\n<p><strong>Stade d&rsquo;athl\u00e9tisme Colette-Besson<\/strong><br>Le stade est compos\u00e9 d\u2019une piste de 400m de 8 couloirs \u00e9clair\u00e9s, d&rsquo;aires de sauts et de cages de lancer<br><strong>Adresse : <\/strong>Rue du Stade \u00e0 Saran\n\n<\/p>\n\n\n\n<figure class=\"wp-block-image\"><img decoding=\"async\" src=\"https:\/\/www.saran.fr\/interco\/images\/saran-stade.jpg\" alt=\"\"\/><\/figure>\n\n\n\n<p><strong>Pont George V                                                                                                                                                                                                  <\/strong>Rendez vous au nord (c\u00f4t\u00e9 rue Royale)<\/p>\n\n\n\n<figure class=\"wp-block-image\"><img decoding=\"async\" src=\"https:\/\/static.canalblog.com\/storagev1\/orleans.canalblog.com\/images\/Rue_Royale_entr_e_Pont.JPG\" alt=\"\"\/><\/figure>\n\n\n\n<h2 class=\"wp-block-heading\" style=\"text-align:center\">V\u00e9lo<\/h2>\n\n\n\n<p>D\u00e9part de l&rsquo;Ile Charlemagne, c&rsquo;est la sortie historique du club<br>Parcours allant de 70 \u00e0 80 Km. Il est conseill\u00e9 de savoir rouler 2 heures avant d&rsquo;int\u00e9grer le groupe. <strong>Adresse :  <\/strong><br>Lev\u00e9e de la Chevauch\u00e9e<br>45000 Saint-Jean-le-Blanc <\/p>\n\n\n\n<figure class=\"wp-block-image\"><img decoding=\"async\" src=\"http:\/\/asfastri.fr\/wp-content\/uploads\/2021\/11\/Capture-d\u2019\u00e9cran-2021-11-23-144139-1024x630.png\" alt=\"\" class=\"wp-image-773\"\/><\/figure>\n\n\n\n<p>D\u00e9part du parking de Brico Jardi E.Leclerc.  <br>Parcours d&rsquo;environ 50 Km. Allure moyenne 25.                                         <strong>Adresse : <\/strong> 330 Rue Marcelin Berthelot                                                                    45400 Fleury-les-Aubrais<\/p>\n\n\n\n<figure class=\"wp-block-image\"><img loading=\"lazy\" decoding=\"async\" width=\"1015\" height=\"531\" src=\"http:\/\/asfastri.fr\/wp-content\/uploads\/2023\/10\/LECLERC.png\" alt=\"\" class=\"wp-image-1396\" srcset=\"https:\/\/asfastri.fr\/wp-content\/uploads\/2023\/10\/LECLERC.png 1015w, https:\/\/asfastri.fr\/wp-content\/uploads\/2023\/10\/LECLERC-300x157.png 300w, https:\/\/asfastri.fr\/wp-content\/uploads\/2023\/10\/LECLERC-768x402.png 768w, https:\/\/asfastri.fr\/wp-content\/uploads\/2023\/10\/LECLERC-115x60.png 115w\" sizes=\"auto, (max-width: 1015px) 100vw, 1015px\" \/><\/figure>\n","protected":false},"excerpt":{"rendered":"<p>Les entrainements d&rsquo;Orl\u00e9ans ASFAS Triathlon se d\u00e9roulent en diff\u00e9rents lieux dans l&rsquo;agglom\u00e9ration Orl\u00e9anaise. Natation Le centre nautique de la grande planche \u00e0 SaranR\u00e9alis\u00e9 en 1983, la piscine municipale appel\u00e9e \u00e9galement Centre Nautique \u00ab La Grande Planche \u00bb s\u2019\u00e9tend sur 8000 m\u00b2 enti\u00e8rement clos. 1 bassin de 25 x 15 m\u00e8tres avec 6 lignes d\u2019eau.Adresse : &hellip; <\/p>\n","protected":false},"author":1,"featured_media":438,"parent":91,"menu_order":1,"comment_status":"closed","ping_status":"closed","template":"","meta":{"footnotes":""},"class_list":["post-444","page","type-page","status-publish","has-post-thumbnail","hentry"],"_links":{"self":[{"href":"https:\/\/asfastri.fr\/index.php\/wp-json\/wp\/v2\/pages\/444","targetHints":{"allow":["GET"]}}],"collection":[{"href":"https:\/\/asfastri.fr\/index.php\/wp-json\/wp\/v2\/pages"}],"about":[{"href":"https:\/\/asfastri.fr\/index.php\/wp-json\/wp\/v2\/types\/page"}],"author":[{"embeddable":true,"href":"https:\/\/asfastri.fr\/index.php\/wp-json\/wp\/v2\/users\/1"}],"replies":[{"embeddable":true,"href":"https:\/\/asfastri.fr\/index.php\/wp-json\/wp\/v2\/comments?post=444"}],"version-history":[{"count":14,"href":"https:\/\/asfastri.fr\/index.php\/wp-json\/wp\/v2\/pages\/444\/revisions"}],"predecessor-version":[{"id":1398,"href":"https:\/\/asfastri.fr\/index.php\/wp-json\/wp\/v2\/pages\/444\/revisions\/1398"}],"up":[{"embeddable":true,"href":"https:\/\/asfastri.fr\/index.php\/wp-json\/wp\/v2\/pages\/91"}],"wp:featuredmedia":[{"embeddable":true,"href":"https:\/\/asfastri.fr\/index.php\/wp-json\/wp\/v2\/media\/438"}],"wp:attachment":[{"href":"https:\/\/asfastri.fr\/index.php\/wp-json\/wp\/v2\/media?parent=444"}],"curies":[{"name":"wp","href":"https:\/\/api.w.org\/{rel}","templated":true}]}}