{"id":417,"date":"2020-01-12T23:12:06","date_gmt":"2020-01-12T22:12:06","guid":{"rendered":"http:\/\/asfastri.fr\/?page_id=417"},"modified":"2025-12-13T12:03:55","modified_gmt":"2025-12-13T11:03:55","slug":"le-09-fevrier-2020-le-bike-and-run","status":"publish","type":"page","link":"https:\/\/asfastri.fr\/index.php\/nos-organisations-2\/le-09-fevrier-2020-le-bike-and-run\/","title":{"rendered":"Bike &amp; Run Parc de Loire &#8211; 01 f\u00e9vrier 2026"},"content":{"rendered":"\n<p class=\"has-text-align-center\">RDV \u00e0 la base de loisirs du parc de Loire de l&rsquo;\u00eele Charlemagne \u00e0 Orl\u00e9ans <\/p>\n\n\n\n<p class=\"has-text-align-center\">Nouveaut\u00e9 cette ann\u00e9e: 2\u00e8me \u00e9tape du Challenge Jeune et Challenge entreprise<\/p>\n\n\n\n<p class=\"has-text-align-center\">=> Retrouvez toutes les informations sur <a href=\"https:\/\/oasfastriathlon.fr\/\">https:\/\/oasfastriathlon.fr\/<\/a><\/p>\n\n\n<div class=\"wp-block-image\">\n<figure class=\"aligncenter size-large\"><img loading=\"lazy\" decoding=\"async\" width=\"719\" height=\"1024\" src=\"http:\/\/asfastri.fr\/wp-content\/uploads\/2025\/12\/2810f6ff-8624-450a-8ac4-a82f1a873025-1-719x1024.jpeg\" alt=\"\" class=\"wp-image-1826\" srcset=\"https:\/\/asfastri.fr\/wp-content\/uploads\/2025\/12\/2810f6ff-8624-450a-8ac4-a82f1a873025-1-719x1024.jpeg 719w, https:\/\/asfastri.fr\/wp-content\/uploads\/2025\/12\/2810f6ff-8624-450a-8ac4-a82f1a873025-1-211x300.jpeg 211w, https:\/\/asfastri.fr\/wp-content\/uploads\/2025\/12\/2810f6ff-8624-450a-8ac4-a82f1a873025-1.jpeg 742w\" sizes=\"auto, (max-width: 719px) 100vw, 719px\" \/><\/figure>\n<\/div>","protected":false},"excerpt":{"rendered":"<p>RDV \u00e0 la base de loisirs du parc de Loire de l&rsquo;\u00eele Charlemagne \u00e0 Orl\u00e9ans Nouveaut\u00e9 cette ann\u00e9e: 2\u00e8me \u00e9tape du Challenge Jeune et Challenge entreprise => Retrouvez toutes les informations sur https:\/\/oasfastriathlon.fr\/<\/p>\n","protected":false},"author":1,"featured_media":1728,"parent":108,"menu_order":1,"comment_status":"closed","ping_status":"closed","template":"","meta":{"footnotes":""},"class_list":["post-417","page","type-page","status-publish","has-post-thumbnail","hentry"],"_links":{"self":[{"href":"https:\/\/asfastri.fr\/index.php\/wp-json\/wp\/v2\/pages\/417","targetHints":{"allow":["GET"]}}],"collection":[{"href":"https:\/\/asfastri.fr\/index.php\/wp-json\/wp\/v2\/pages"}],"about":[{"href":"https:\/\/asfastri.fr\/index.php\/wp-json\/wp\/v2\/types\/page"}],"author":[{"embeddable":true,"href":"https:\/\/asfastri.fr\/index.php\/wp-json\/wp\/v2\/users\/1"}],"replies":[{"embeddable":true,"href":"https:\/\/asfastri.fr\/index.php\/wp-json\/wp\/v2\/comments?post=417"}],"version-history":[{"count":17,"href":"https:\/\/asfastri.fr\/index.php\/wp-json\/wp\/v2\/pages\/417\/revisions"}],"predecessor-version":[{"id":1833,"href":"https:\/\/asfastri.fr\/index.php\/wp-json\/wp\/v2\/pages\/417\/revisions\/1833"}],"up":[{"embeddable":true,"href":"https:\/\/asfastri.fr\/index.php\/wp-json\/wp\/v2\/pages\/108"}],"wp:featuredmedia":[{"embeddable":true,"href":"https:\/\/asfastri.fr\/index.php\/wp-json\/wp\/v2\/media\/1728"}],"wp:attachment":[{"href":"https:\/\/asfastri.fr\/index.php\/wp-json\/wp\/v2\/media?parent=417"}],"curies":[{"name":"wp","href":"https:\/\/api.w.org\/{rel}","templated":true}]}}