{"id":208,"date":"2019-10-13T19:37:23","date_gmt":"2019-10-13T17:37:23","guid":{"rendered":"http:\/\/asfastri.fr\/?page_id=208"},"modified":"2026-01-24T12:08:20","modified_gmt":"2026-01-24T11:08:20","slug":"prendre-sa-premiere-licence","status":"publish","type":"page","link":"https:\/\/asfastri.fr\/index.php\/le-club\/prendre-sa-premiere-licence\/","title":{"rendered":"Inscriptions au club"},"content":{"rendered":"\n<p class=\"has-text-align-center has-medium-font-size\"><strong><mark style=\"background-color:#f78da7\" class=\"has-inline-color has-black-color\">Instructions pour une 1\u00e8re demande de licence<\/mark><\/strong><\/p>\n\n\n\n<p>Cliquer sur le lien <a href=\"https:\/\/espacetri.fftri.com\/\">https:\/\/espacetri.fftri.com\/<\/a><\/p>\n\n\n\n<p>Cliquer sur \u00ab se licencier \u00bb puis Cr\u00e9er votre compte en rentrant les informations demand\u00e9es. Une fois le compte cr\u00e9\u00e9, conserver pr\u00e9cieusement l\u2019identifiant et le mot de passe !<\/p>\n\n\n\n<ul class=\"wp-block-list\">\n<li>Choisir sa ligue <strong>(Centre val de Loire)<\/strong><\/li>\n\n\n\n<li>Licence hors club <strong>(cliquer sur NON)<\/strong><\/li>\n\n\n\n<li>Club : <strong>ORLEANS ASFAS TRIATHLON<\/strong><\/li>\n\n\n\n<li>Choisir le type de licence : comp\u00e9tition ou loisir                                                 &#8211; <strong>Comp\u00e9tition<\/strong> : Pour participer aux entrainements et s\u2019inscrire aux comp\u00e9titions.                                                                                                        &#8211; <strong>Loisir<\/strong> : Pour participer aux entrainements sans faire de comp\u00e9titions MAIS\u2026 pour faire une comp\u00e9tition il faudra prendre un pass comp\u00e9tition en plus du prix de la comp\u00e9tition.<\/li>\n<\/ul>\n\n\n\n<p class=\"has-text-align-center\"><strong>Toutes les informations concernant les comp\u00e9titions sont donn\u00e9es lors de l\u2019inscription aux comp\u00e9titions en ligne ou sur place !<\/strong><\/p>\n\n\n\n<p class=\"has-text-align-left\">Remplir la fiche d\u2019inscription <strong>sans oublier de la signer<\/strong> ! <\/p>\n\n\n\n<p>Le certificat m\u00e9dical n&rsquo;\u00e9tant plus obligatoire quelque soit l&rsquo;\u00e2ge, il sera n\u00e9cessaire de remplir le questionnaire de sant\u00e9 en ligne.                                                                          <\/p>\n\n\n\n<p>La fiche d\u2019inscription est ensuite \u00e0 transmettre par mail (o.asfastriathlon@gmail.com) et l<strong>e paiement se fait par virement<\/strong> (RIB \u00e0 demander)<\/p>\n\n\n\n<p class=\"has-text-align-center\"><strong><mark style=\"background-color:#f78da7\" class=\"has-inline-color has-black-color\">TARIFS DES LICENCES 2026<\/mark><\/strong><\/p>\n\n\n\n<p><strong>Le montant \u00e0 r\u00e9gler au club est celui indiqu\u00e9 ci-dessous. <\/strong>Ne pas tenir compte des tarifs indiqu\u00e9s sur l&rsquo;inscription en ligne car ce sont ceux revers\u00e9s \u00e0 la ligue par le club.<\/p>\n\n\n\n<p>Licence adultes Comp\u00e9tition : <strong>190 \u20ac<\/strong><\/p>\n\n\n\n<p>Licence Loisirs adultes : 150 \u20ac<\/p>\n\n\n\n<p>Licence jeunes (minimes, cadets, juniors) : <strong>170 \u20ac<\/strong> <\/p>\n\n\n\n<p>Licences enfants (poussins, pupilles, benjamins) <strong>130\u20ac<\/strong> <\/p>\n\n\n\n<p>Pour toutes questions compl\u00e9mentaires, n\u2019h\u00e9sitez pas \u00e0 nous contacter par mail \u00e0 l&rsquo;adresse suivante  o.asfastriathlon@gmail.com<strong>&nbsp;<\/strong> &nbsp; &nbsp; &nbsp; &nbsp; &nbsp; &nbsp; &nbsp; &nbsp; &nbsp; &nbsp; &nbsp; &nbsp; &nbsp; &nbsp; &nbsp; &nbsp; &nbsp; &nbsp; &nbsp; &nbsp; &nbsp; &nbsp; &nbsp; &nbsp; &nbsp; &nbsp; &nbsp; &nbsp; &nbsp; &nbsp; &nbsp; &nbsp;&nbsp; <\/p>\n\n\n\n<p class=\"has-text-align-center\"><strong><mark style=\"background-color:#f78da7\" class=\"has-inline-color\">VALIDATION DE LA LICENCE <\/mark><\/strong><\/p>\n\n\n\n<p class=\"has-text-align-center\">ORLEANS ASFAS TRIATHLON valide la prise de licence aupr\u00e8s de la FFTRI.<\/p>\n\n\n\n<p class=\"has-text-align-center\"> La FFTRI valide la licence sur le compte que vous avez cr\u00e9\u00e9.<\/p>\n\n\n\n<p class=\"has-text-align-center\"> Une fois la validation faite, vous pourrez t\u00e9l\u00e9charger la licence.<\/p>\n\n\n\n<p><\/p>\n\n\n\n<p class=\"has-text-align-center\"><mark style=\"background-color:#fcb900\" class=\"has-inline-color has-black-color\">Fiches d&rsquo;inscriptions \u00e0 t\u00e9l\u00e9charger puis \u00e0 envoyer sur o.asfastriathlon@gmail.com<\/mark><\/p>\n\n\n\n<div class=\"wp-block-file aligncenter\"><a id=\"wp-block-file--media-42a592e6-5c41-4531-9e14-3215bc7b1e34\" href=\"http:\/\/asfastri.fr\/wp-content\/uploads\/2025\/08\/fiche-dinscription-jeunes.docx\">FICHE INSCRIPTION JEUNES<\/a><a href=\"http:\/\/asfastri.fr\/wp-content\/uploads\/2025\/08\/fiche-dinscription-jeunes.docx\" class=\"wp-block-file__button wp-element-button\" download aria-describedby=\"wp-block-file--media-42a592e6-5c41-4531-9e14-3215bc7b1e34\"><strong><mark style=\"background-color:rgba(0, 0, 0, 0)\" class=\"has-inline-color has-luminous-vivid-amber-color\">T\u00e9l\u00e9charger<\/mark><\/strong><\/a><\/div>\n\n\n\n<div class=\"wp-block-file aligncenter\"><a id=\"wp-block-file--media-1a992276-949c-4a99-bc60-7ff5cae78e81\" href=\"http:\/\/asfastri.fr\/wp-content\/uploads\/2025\/08\/fiche-dinscription-adultes.docx\">FICHE INSCRIPTION ADULTES<\/a><a href=\"http:\/\/asfastri.fr\/wp-content\/uploads\/2025\/08\/fiche-dinscription-adultes.docx\" class=\"wp-block-file__button wp-element-button\" download aria-describedby=\"wp-block-file--media-1a992276-949c-4a99-bc60-7ff5cae78e81\"><strong><mark style=\"background-color:rgba(0, 0, 0, 0)\" class=\"has-inline-color has-luminous-vivid-amber-color\">T\u00e9l\u00e9charger<\/mark><\/strong><\/a><\/div>\n","protected":false},"excerpt":{"rendered":"<p>Instructions pour une 1\u00e8re demande de licence Cliquer sur le lien https:\/\/espacetri.fftri.com\/ Cliquer sur \u00ab se licencier \u00bb puis Cr\u00e9er votre compte en rentrant les informations demand\u00e9es. Une fois le compte cr\u00e9\u00e9, conserver pr\u00e9cieusement l\u2019identifiant et le mot de passe ! Toutes les informations concernant les comp\u00e9titions sont donn\u00e9es lors de l\u2019inscription aux comp\u00e9titions en &hellip; <\/p>\n","protected":false},"author":1,"featured_media":1686,"parent":84,"menu_order":0,"comment_status":"closed","ping_status":"closed","template":"","meta":{"footnotes":""},"class_list":["post-208","page","type-page","status-publish","has-post-thumbnail","hentry"],"_links":{"self":[{"href":"https:\/\/asfastri.fr\/index.php\/wp-json\/wp\/v2\/pages\/208","targetHints":{"allow":["GET"]}}],"collection":[{"href":"https:\/\/asfastri.fr\/index.php\/wp-json\/wp\/v2\/pages"}],"about":[{"href":"https:\/\/asfastri.fr\/index.php\/wp-json\/wp\/v2\/types\/page"}],"author":[{"embeddable":true,"href":"https:\/\/asfastri.fr\/index.php\/wp-json\/wp\/v2\/users\/1"}],"replies":[{"embeddable":true,"href":"https:\/\/asfastri.fr\/index.php\/wp-json\/wp\/v2\/comments?post=208"}],"version-history":[{"count":48,"href":"https:\/\/asfastri.fr\/index.php\/wp-json\/wp\/v2\/pages\/208\/revisions"}],"predecessor-version":[{"id":1841,"href":"https:\/\/asfastri.fr\/index.php\/wp-json\/wp\/v2\/pages\/208\/revisions\/1841"}],"up":[{"embeddable":true,"href":"https:\/\/asfastri.fr\/index.php\/wp-json\/wp\/v2\/pages\/84"}],"wp:featuredmedia":[{"embeddable":true,"href":"https:\/\/asfastri.fr\/index.php\/wp-json\/wp\/v2\/media\/1686"}],"wp:attachment":[{"href":"https:\/\/asfastri.fr\/index.php\/wp-json\/wp\/v2\/media?parent=208"}],"curies":[{"name":"wp","href":"https:\/\/api.w.org\/{rel}","templated":true}]}}