{"id":108,"date":"2019-04-27T23:10:06","date_gmt":"2019-04-27T21:10:06","guid":{"rendered":"http:\/\/asfastri.fr\/?page_id=108"},"modified":"2024-11-18T17:15:31","modified_gmt":"2024-11-18T16:15:31","slug":"nos-organisations-2","status":"publish","type":"page","link":"https:\/\/asfastri.fr\/index.php\/nos-organisations-2\/","title":{"rendered":"Nos organisations"},"content":{"rendered":"\n<p class=\"has-text-align-center\"><strong>Orl\u00e9ans  Asfas Triathlon organise 2 \u00e9v\u00e8nements par an.<\/strong><\/p>\n\n\n\n<p class=\"has-text-align-center\">Le <strong>Bike &amp; Run <\/strong> qui aura lieu le 02 f\u00e9vrier 2025 et le <strong>Triathlon de l&rsquo;ile Charlemagne<\/strong> qui aura lieu le 17 et 18 mai 2025<br><\/p>\n","protected":false},"excerpt":{"rendered":"<p>Orl\u00e9ans Asfas Triathlon organise 2 \u00e9v\u00e8nements par an. Le Bike &amp; Run qui aura lieu le 02 f\u00e9vrier 2025 et le Triathlon de l&rsquo;ile Charlemagne qui aura lieu le 17 et 18 mai 2025<\/p>\n","protected":false},"author":1,"featured_media":1723,"parent":0,"menu_order":0,"comment_status":"closed","ping_status":"closed","template":"","meta":{"footnotes":""},"class_list":["post-108","page","type-page","status-publish","has-post-thumbnail","hentry"],"_links":{"self":[{"href":"https:\/\/asfastri.fr\/index.php\/wp-json\/wp\/v2\/pages\/108","targetHints":{"allow":["GET"]}}],"collection":[{"href":"https:\/\/asfastri.fr\/index.php\/wp-json\/wp\/v2\/pages"}],"about":[{"href":"https:\/\/asfastri.fr\/index.php\/wp-json\/wp\/v2\/types\/page"}],"author":[{"embeddable":true,"href":"https:\/\/asfastri.fr\/index.php\/wp-json\/wp\/v2\/users\/1"}],"replies":[{"embeddable":true,"href":"https:\/\/asfastri.fr\/index.php\/wp-json\/wp\/v2\/comments?post=108"}],"version-history":[{"count":11,"href":"https:\/\/asfastri.fr\/index.php\/wp-json\/wp\/v2\/pages\/108\/revisions"}],"predecessor-version":[{"id":1722,"href":"https:\/\/asfastri.fr\/index.php\/wp-json\/wp\/v2\/pages\/108\/revisions\/1722"}],"wp:featuredmedia":[{"embeddable":true,"href":"https:\/\/asfastri.fr\/index.php\/wp-json\/wp\/v2\/media\/1723"}],"wp:attachment":[{"href":"https:\/\/asfastri.fr\/index.php\/wp-json\/wp\/v2\/media?parent=108"}],"curies":[{"name":"wp","href":"https:\/\/api.w.org\/{rel}","templated":true}]}}